{"id":62124,"date":"2024-03-04T10:30:37","date_gmt":"2024-03-04T09:30:37","guid":{"rendered":"https:\/\/staging.watse.fr\/our-destinations\/"},"modified":"2025-03-24T09:37:22","modified_gmt":"2025-03-24T08:37:22","slug":"our-destinations","status":"publish","type":"page","link":"https:\/\/watse.fr\/en\/our-destinations\/","title":{"rendered":"Our destinations"},"content":{"rendered":"<p>[et_pb_section fb_built=&#8221;1&#8243; _builder_version=&#8221;4.24.2&#8243; _module_preset=&#8221;default&#8221; background_color=&#8221;#0B7A75&#8243; custom_padding=&#8221;160px||0px||false|false&#8221; bottom_divider_flip=&#8221;vertical&#8221; global_colors_info=&#8221;{}&#8221;][et_pb_row _builder_version=&#8221;4.24.2&#8243; _module_preset=&#8221;default&#8221; custom_padding=&#8221;||10px||false|false&#8221; global_colors_info=&#8221;{}&#8221;][et_pb_column type=&#8221;4_4&#8243; _builder_version=&#8221;4.24.2&#8243; _module_preset=&#8221;default&#8221; global_colors_info=&#8221;{}&#8221;][et_pb_text _builder_version=&#8221;4.24.2&#8243; _module_preset=&#8221;default&#8221; header_font=&#8221;|700|||||||&#8221; header_text_align=&#8221;center&#8221; header_text_color=&#8221;#FBEFEF&#8221; header_font_size=&#8221;75px&#8221; header_font_size_tablet=&#8221;75px&#8221; header_font_size_phone=&#8221;60px&#8221; header_font_size_last_edited=&#8221;on|phone&#8221; global_colors_info=&#8221;{}&#8221;]<\/p>\n<h1>Our destinations<\/h1>\n<p>[\/et_pb_text][\/et_pb_column][\/et_pb_row][\/et_pb_section][et_pb_section fb_built=&#8221;1&#8243; _builder_version=&#8221;4.24.2&#8243; _module_preset=&#8221;default&#8221; background_color=&#8221;#377874&#8243; custom_padding=&#8221;0px||0px||false|false&#8221; top_divider_style=&#8221;curve&#8221; top_divider_color=&#8221;#0B7A75&#8243; top_divider_height=&#8221;115px&#8221; top_divider_flip=&#8221;vertical&#8221; top_divider_arrangement=&#8221;above_content&#8221; top_divider_height_tablet=&#8221;80px&#8221; top_divider_height_phone=&#8221;30px&#8221; top_divider_height_last_edited=&#8221;on|tablet&#8221; global_colors_info=&#8221;{}&#8221;][et_pb_row _builder_version=&#8221;4.24.2&#8243; _module_preset=&#8221;default&#8221; width=&#8221;100%&#8221; max_width=&#8221;100%&#8221; custom_padding=&#8221;0px||0px||true|false&#8221; global_colors_info=&#8221;{}&#8221;][et_pb_column type=&#8221;4_4&#8243; _builder_version=&#8221;4.24.2&#8243; _module_preset=&#8221;default&#8221; global_colors_info=&#8221;{}&#8221;][et_pb_code _builder_version=&#8221;4.24.2&#8243; _module_preset=&#8221;default&#8221; global_colors_info=&#8221;{}&#8221;]<div class=\"map_wrapper\" id=\"map_wrapper_265\">\n<div class=\"map_box\" style=\"max-width:2000px\">\n<div class=\"map_aspect_ratio\" style=\"padding-top:56%\" data-padding-top=\"56%\" data-padding-top-mobile=\"0%\">\n<div class=\"map_container\">\n<div class=\"map_render map_loading\" id=\"map_265\"><\/div>\n<\/div>\n<\/div>\n<\/div>\n<\/div>[\/et_pb_code][\/et_pb_column][\/et_pb_row][\/et_pb_section][et_pb_section fb_built=&#8221;1&#8243; module_id=&#8221;stays&#8221; _builder_version=&#8221;4.24.2&#8243; _module_preset=&#8221;default&#8221; background_color=&#8221;#0B7A75&#8243; custom_margin=&#8221;||||false|false&#8221; global_colors_info=&#8221;{}&#8221;][et_pb_row column_structure=&#8221;1_3,2_3&#8243; _builder_version=&#8221;4.24.2&#8243; _module_preset=&#8221;default&#8221; global_colors_info=&#8221;{}&#8221;][et_pb_column type=&#8221;1_3&#8243; module_class=&#8221;filters-column&#8221; _builder_version=&#8221;4.24.2&#8243; _module_preset=&#8221;default&#8221; background_color=&#8221;#FFFFFF&#8221; z_index=&#8221;3&#8243; custom_padding=&#8221;0px|0px|0px|0px|true|true&#8221; custom_padding_tablet=&#8221;20px|30px|20px|30px|true|true&#8221; custom_padding_phone=&#8221;0px|0px|0px|0px|true|true&#8221; custom_padding_last_edited=&#8221;off|desktop&#8221; sticky_limit_bottom=&#8221;row&#8221; background_color_phone=&#8221;RGBA(255,255,255,0)&#8221; background_last_edited=&#8221;on|phone&#8221; background_enable_color_phone=&#8221;on&#8221; sticky_position_tablet=&#8221;none&#8221; sticky_position_phone=&#8221;none&#8221; sticky_position_last_edited=&#8221;on|phone&#8221; border_radii=&#8221;on|20px|20px|20px|20px&#8221; global_colors_info=&#8221;{}&#8221;][et_pb_de_mach_filter_posts filter_update_type=&#8221;update_field&#8221; reset_text=&#8221;R\u00e9initialiser&#8221; mobile_toggle=&#8221;on&#8221; filter_toggle_name=&#8221;Filtres&#8221; filter_toggle_hide_name=&#8221;Cacher les filtres&#8221; module_class=&#8221;trip-filters&#8221; _builder_version=&#8221;4.24.2&#8243; _module_preset=&#8221;default&#8221; filter_headings_font=&#8221;|700|||||||&#8221; filter_headings_text_color=&#8221;#0B7A75&#8243; filter_headings_font_size=&#8221;18px&#8221; custom_reset_filter=&#8221;on&#8221; reset_filter_text_size=&#8221;18px&#8221; reset_filter_text_color=&#8221;#0B7A75&#8243; reset_filter_bg_color=&#8221;#FFFFFF&#8221; reset_filter_border_color=&#8221;#0B7A75&#8243; reset_filter_border_radius=&#8221;50px&#8221; reset_filter_font=&#8221;|700|||||||&#8221; reset_filter_use_icon=&#8221;off&#8221; reset_filter_custom_margin=&#8221;20px||||false|false&#8221; custom_mobile_toggle_button=&#8221;on&#8221; mobile_toggle_button_text_size=&#8221;18px&#8221; mobile_toggle_button_text_color=&#8221;#FFFFFF&#8221; mobile_toggle_button_bg_color=&#8221;RGBA(255,255,255,0)&#8221; mobile_toggle_button_border_width=&#8221;0px&#8221; mobile_toggle_button_border_radius=&#8221;0px&#8221; mobile_toggle_button_font=&#8221;|700|||||||&#8221; mobile_toggle_button_icon=&#8221;\uf0b0||fa||900&#8243; mobile_toggle_button_icon_color=&#8221;#FFFFFF&#8221; mobile_toggle_button_icon_placement=&#8221;left&#8221; mobile_toggle_button_on_hover=&#8221;off&#8221; z_index=&#8221;4&#8243; sticky_limit_bottom=&#8221;section&#8221; global_colors_info=&#8221;{}&#8221; reset_filter_bg_color__hover_enabled=&#8221;on|hover&#8221; reset_filter_bg_color__hover=&#8221;#0B7A75&#8243; reset_filter_bg_enable_color__hover=&#8221;on&#8221; reset_filter_text_color__hover_enabled=&#8221;on|hover&#8221; reset_filter_text_color__hover=&#8221;#FFFFFF&#8221;][et_pb_de_mach_search_posts_item title=&#8221;Destinations&#8221; filter_post_type=&#8221;taxonomy&#8221; custom_tax_choose=&#8221;destination&#8221; post_type_choose=&#8221;sejour&#8221; acf_filter_type=&#8221;radio&#8221; tax_sub_prefix=&#8221; &#8221; radio_show_empty=&#8221;on&#8221; hide_module_for_empty=&#8221;off&#8221; field_id=&#8221;Field_1&#8243; radio_select=&#8221;checkbox&#8221; radio_style=&#8221;buttons&#8221; radio_inline=&#8221;on&#8221; radio_gap=&#8221;5&#8243; hide_radio_all=&#8221;on&#8221; radio_button_background_color=&#8221;#FFFFFF&#8221; radio_button_background_color_selected=&#8221;#0B7A75&#8243; sub_cat_indent_prefix=&#8221;indent&#8221; cat_sub_indent=&#8221;0px&#8221; _builder_version=&#8221;4.24.2&#8243; _module_preset=&#8221;default&#8221; radio_button_text_font=&#8221;|700|||||||&#8221; radio_button_text_text_align=&#8221;center&#8221; radio_button_text_text_color=&#8221;#0B7A75&#8243; radio_button_text_line_height=&#8221;0.2em&#8221; radio_button_text_checked_text_color=&#8221;#FFFFFF&#8221; custom_button=&#8221;on&#8221; button_border_width=&#8221;2px&#8221; button_border_radius=&#8221;30px&#8221; global_colors_info=&#8221;{}&#8221;][\/et_pb_de_mach_search_posts_item][et_pb_de_mach_search_posts_item title=&#8221;Month of departure&#8221; filter_post_type=&#8221;acf&#8221; post_type_choose=&#8221;sejour&#8221; acf_name=&#8221;field_66278218f857c&#8221; acf_filter_type=&#8221;radio&#8221; taxonomy_order=&#8221;menu_order&#8221; radio_show_empty=&#8221;on&#8221; hide_module_for_empty=&#8221;off&#8221; field_id=&#8221;Field_5&#8243; radio_select=&#8221;checkbox&#8221; radio_style=&#8221;buttons&#8221; radio_inline=&#8221;on&#8221; radio_gap=&#8221;0&#8243; hide_radio_all=&#8221;on&#8221; radio_button_background_color=&#8221;#FFFFFF&#8221; radio_button_background_color_selected=&#8221;#0B7A75&#8243; _builder_version=&#8221;4.24.2&#8243; _module_preset=&#8221;default&#8221; radio_button_text_font=&#8221;|700|||||||&#8221; radio_button_text_text_align=&#8221;center&#8221; radio_button_text_text_color=&#8221;#0B7A75&#8243; radio_button_text_line_height=&#8221;0.2em&#8221; radio_button_text_checked_text_color=&#8221;#FFFFFF&#8221; custom_button=&#8221;on&#8221; button_border_width=&#8221;2px&#8221; button_border_color=&#8221;#0B7A75&#8243; button_border_radius=&#8221;50px&#8221; custom_active_button=&#8221;on&#8221; active_button_border_width=&#8221;2px&#8221; active_button_border_color=&#8221;#0B7A75&#8243; active_button_border_radius=&#8221;50px&#8221; active_button_font=&#8221;|700|||||||&#8221; global_colors_info=&#8221;{}&#8221;][\/et_pb_de_mach_search_posts_item][et_pb_de_mach_search_posts_item title=&#8221;Duration&#8221; filter_post_type=&#8221;acf&#8221; post_type_choose=&#8221;sejour&#8221; acf_name=&#8221;field_65e1b95644a9f&#8221; acf_filter_type=&#8221;number_range&#8221; range_type=&#8221;double&#8221; range_hide_min_max=&#8221;on&#8221; range_number_custom=&#8221;from_acf&#8221; range_breakpoint=&#8221;30&#8243; range_skin=&#8221;round&#8221; range_prim_color=&#8221;#0B7A75&#8243; range_sec_color=&#8221;RGBA(255,255,255,0)&#8221; range_postfix=&#8221;  jours&#8221; field_id=&#8221;Field_2&#8243; _builder_version=&#8221;4.24.2&#8243; _module_preset=&#8221;default&#8221; range_primary_text_font=&#8221;|700|||||||&#8221; global_colors_info=&#8221;{}&#8221;][\/et_pb_de_mach_search_posts_item][et_pb_de_mach_search_posts_item title=&#8221;Activity&#8221; filter_post_type=&#8221;taxonomy&#8221; custom_tax_choose=&#8221;activite&#8221; post_type_choose=&#8221;sejour&#8221; acf_filter_type=&#8221;radio&#8221; radio_show_empty=&#8221;on&#8221; hide_module_for_empty=&#8221;off&#8221; field_id=&#8221;Field_3&#8243; radio_select=&#8221;checkbox&#8221; radio_style=&#8221;buttons&#8221; radio_inline=&#8221;on&#8221; radio_gap=&#8221;5&#8243; hide_radio_all=&#8221;on&#8221; radio_button_background_color=&#8221;#FFFFFF&#8221; radio_button_background_color_selected=&#8221;#0B7A75&#8243; cat_tag_display_mode=&#8221;only_parents&#8221; _builder_version=&#8221;4.24.2&#8243; _module_preset=&#8221;default&#8221; radio_button_text_font=&#8221;|700|||||||&#8221; radio_button_text_text_align=&#8221;center&#8221; radio_button_text_text_color=&#8221;#0B7A75&#8243; radio_button_text_line_height=&#8221;1em&#8221; radio_button_text_checked_text_color=&#8221;#FFFFFF&#8221; custom_button=&#8221;on&#8221; button_border_width=&#8221;2px&#8221; button_border_radius=&#8221;30px&#8221; button_custom_padding=&#8221;7px||7px||false|false&#8221; global_colors_info=&#8221;{}&#8221;][\/et_pb_de_mach_search_posts_item][et_pb_de_mach_search_posts_item title=&#8221;Difficulty&#8221; filter_post_type=&#8221;acf&#8221; post_type_choose=&#8221;sejour&#8221; acf_name=&#8221;field_65e1b7da44a9d&#8221; acf_filter_type=&#8221;radio&#8221; radio_show_empty=&#8221;on&#8221; hide_module_for_empty=&#8221;off&#8221; field_id=&#8221;Field_4&#8243; radio_select=&#8221;checkbox&#8221; radio_style=&#8221;buttons&#8221; radio_inline=&#8221;on&#8221; radio_gap=&#8221;5&#8243; hide_radio_all=&#8221;on&#8221; radio_button_background_color=&#8221;#FFFFFF&#8221; radio_button_background_color_selected=&#8221;#0B7A75&#8243; sub_cat_indent_prefix=&#8221;indent&#8221; _builder_version=&#8221;4.24.2&#8243; _module_preset=&#8221;default&#8221; radio_button_text_font=&#8221;|700|||||||&#8221; radio_button_text_text_align=&#8221;center&#8221; radio_button_text_text_color=&#8221;#0B7A75&#8243; radio_button_text_line_height=&#8221;0.2em&#8221; radio_button_text_checked_text_color=&#8221;#FFFFFF&#8221; custom_button=&#8221;on&#8221; button_border_width=&#8221;2px&#8221; button_border_radius=&#8221;30px&#8221; global_colors_info=&#8221;{}&#8221;][\/et_pb_de_mach_search_posts_item][\/et_pb_de_mach_filter_posts][\/et_pb_column][et_pb_column type=&#8221;2_3&#8243; _builder_version=&#8221;4.24.2&#8243; _module_preset=&#8221;default&#8221; global_colors_info=&#8221;{}&#8221;][et_pb_de_mach_archive_loop post_type_choose=&#8221;sejour&#8221; loop_layout=&#8221;700&#8243; filter_update_animation=&#8221;load-5&#8243; animation_color=&#8221;#FFFFFF&#8221; loading_bg_color=&#8221;#0B7A75&#8243; no_posts_layout_text=&#8221;D\u00e9sol\u00e9, aucun s\u00e9jour ne correspond \u00e0 vos crit\u00e8res.&#8221; posts_number=&#8221;5&#8243; enable_loadmore=&#8221;pagination&#8221; scrollto_fine_tune=&#8221;-120px&#8221; link_whole_gird=&#8221;on&#8221; link_whole_gird_new_tab=&#8221;on&#8221; grid_layout=&#8221;grid_list&#8221; equal_height=&#8221;on&#8221; columns=&#8221;1&#8243; columns_tablet=&#8221;1&#8243; show_content=&#8221;none&#8221; pagination_item_background=&#8221;#0B7A75&#8243; pagination_item_background_active=&#8221;#FFFFFF&#8221; disabled_on=&#8221;off|off|off&#8221; _builder_version=&#8221;4.27.2&#8243; _module_preset=&#8221;default&#8221; pagination_font_font=&#8221;|700|||||||&#8221; pagination_font_text_align=&#8221;center&#8221; pagination_font_text_color=&#8221;#FFFFFF&#8221; active_pagination_text_color=&#8221;#0B7A75&#8243; hover_enabled=&#8221;0&#8243; button_bg_color_last_edited=&#8221;off|desktop&#8221; global_colors_info=&#8221;{}&#8221; button_bg_color__hover_enabled=&#8221;on|hover&#8221; button_bg_color__hover=&#8221;#0B7A75&#8243; button_bg_enable_color__hover=&#8221;on&#8221; button_text_color__hover_enabled=&#8221;on|hover&#8221; button_text_color__hover=&#8221;#FFFFFF&#8221; sticky_enabled=&#8221;0&#8243;][\/et_pb_de_mach_archive_loop][\/et_pb_column][\/et_pb_row][\/et_pb_section]<\/p>\n","protected":false},"excerpt":{"rendered":"<p>Our destinations<div class=\"map_wrapper\" id=\"map_wrapper_265\">\n<div class=\"map_box\" style=\"max-width:2000px\">\n<div class=\"map_aspect_ratio\" style=\"padding-top:56%\" data-padding-top=\"56%\" data-padding-top-mobile=\"0%\">\n<div class=\"map_container\">\n<div class=\"map_render map_loading\" id=\"map_265\"><\/div>\n<\/div>\n<\/div>\n<\/div>\n<\/div><\/p>\n","protected":false},"author":1,"featured_media":61929,"parent":0,"menu_order":0,"comment_status":"closed","ping_status":"closed","template":"","meta":{"_acf_changed":false,"_et_pb_use_builder":"on","_et_pb_old_content":"","_et_gb_content_width":"","footnotes":""},"class_list":["post-62124","page","type-page","status-publish","has-post-thumbnail","hentry"],"acf":[],"yoast_head":"<!-- This site is optimized with the Yoast SEO plugin v23.5 - https:\/\/yoast.com\/wordpress\/plugins\/seo\/ -->\n<title>Our Destinations - Discover Watse Stays<\/title>\n<meta name=\"description\" content=\"Explore Watse&#039;s mountain destinations. Discover European and international adventures to suit your every whim.\" \/>\n<meta name=\"robots\" content=\"index, follow, max-snippet:-1, max-image-preview:large, max-video-preview:-1\" \/>\n<link rel=\"canonical\" href=\"https:\/\/watse.fr\/en\/our-destinations\/\" \/>\n<meta property=\"og:locale\" content=\"en_US\" \/>\n<meta property=\"og:type\" content=\"article\" \/>\n<meta property=\"og:title\" content=\"Travel Destinations - Explore Watse Mountain Stays\" \/>\n<meta property=\"og:description\" content=\"Find all Watse travel destinations and choose your ideal holiday. From the mountains of Europe to faraway lands, your next adventure awaits.\" \/>\n<meta property=\"og:site_name\" content=\"Watse\" \/>\n<meta property=\"article:modified_time\" content=\"2025-03-24T08:37:22+00:00\" \/>\n<meta property=\"og:image\" content=\"https:\/\/watse.fr\/wp-content\/uploads\/2024\/09\/Tofana-1-1024x386.webp\" \/>\n<meta name=\"twitter:card\" content=\"summary_large_image\" \/>\n<meta name=\"twitter:title\" content=\"Holiday Destinations - Choose Your Adventure with Watse\" \/>\n<meta name=\"twitter:description\" content=\"Discover the most beautiful destinations with Watse. Our holidays take you through exceptional landscapes, in France and abroad.\" \/>\n<meta name=\"twitter:image\" content=\"https:\/\/watse.fr\/wp-content\/uploads\/2024\/09\/Le-trek-du-Canyon-de-Colca-au-Perou.jpg\" \/>\n<meta name=\"twitter:label1\" content=\"Est. reading time\" \/>\n\t<meta name=\"twitter:data1\" content=\"4 minutes\" \/>\n<script type=\"application\/ld+json\" class=\"yoast-schema-graph\">{\"@context\":\"https:\/\/schema.org\",\"@graph\":[{\"@type\":\"WebPage\",\"@id\":\"https:\/\/watse.fr\/en\/our-destinations\/\",\"url\":\"https:\/\/watse.fr\/en\/our-destinations\/\",\"name\":\"Our Destinations - Discover Watse Stays\",\"isPartOf\":{\"@id\":\"https:\/\/watse.fr\/en\/#website\"},\"primaryImageOfPage\":{\"@id\":\"https:\/\/watse.fr\/en\/our-destinations\/#primaryimage\"},\"image\":{\"@id\":\"https:\/\/watse.fr\/en\/our-destinations\/#primaryimage\"},\"thumbnailUrl\":\"https:\/\/watse.fr\/wp-content\/uploads\/2024\/09\/cortina-dampezzo.webp\",\"datePublished\":\"2024-03-04T09:30:37+00:00\",\"dateModified\":\"2025-03-24T08:37:22+00:00\",\"description\":\"Explore Watse's mountain destinations. Discover European and international adventures to suit your every whim.\",\"breadcrumb\":{\"@id\":\"https:\/\/watse.fr\/en\/our-destinations\/#breadcrumb\"},\"inLanguage\":\"en-US\",\"potentialAction\":[{\"@type\":\"ReadAction\",\"target\":[\"https:\/\/watse.fr\/en\/our-destinations\/\"]}]},{\"@type\":\"ImageObject\",\"inLanguage\":\"en-US\",\"@id\":\"https:\/\/watse.fr\/en\/our-destinations\/#primaryimage\",\"url\":\"https:\/\/watse.fr\/wp-content\/uploads\/2024\/09\/cortina-dampezzo.webp\",\"contentUrl\":\"https:\/\/watse.fr\/wp-content\/uploads\/2024\/09\/cortina-dampezzo.webp\",\"width\":960,\"height\":430},{\"@type\":\"BreadcrumbList\",\"@id\":\"https:\/\/watse.fr\/en\/our-destinations\/#breadcrumb\",\"itemListElement\":[{\"@type\":\"ListItem\",\"position\":1,\"name\":\"Accueil\",\"item\":\"https:\/\/watse.fr\/en\/\"},{\"@type\":\"ListItem\",\"position\":2,\"name\":\"Our destinations\"}]},{\"@type\":\"WebSite\",\"@id\":\"https:\/\/watse.fr\/en\/#website\",\"url\":\"https:\/\/watse.fr\/en\/\",\"name\":\"Watse\",\"description\":\"\",\"potentialAction\":[{\"@type\":\"SearchAction\",\"target\":{\"@type\":\"EntryPoint\",\"urlTemplate\":\"https:\/\/watse.fr\/en\/?s={search_term_string}\"},\"query-input\":{\"@type\":\"PropertyValueSpecification\",\"valueRequired\":true,\"valueName\":\"search_term_string\"}}],\"inLanguage\":\"en-US\"}]}<\/script>\n<!-- \/ Yoast SEO plugin. -->","yoast_head_json":{"title":"Our Destinations - Discover Watse Stays","description":"Explore Watse's mountain destinations. Discover European and international adventures to suit your every whim.","robots":{"index":"index","follow":"follow","max-snippet":"max-snippet:-1","max-image-preview":"max-image-preview:large","max-video-preview":"max-video-preview:-1"},"canonical":"https:\/\/watse.fr\/en\/our-destinations\/","og_locale":"en_US","og_type":"article","og_title":"Travel Destinations - Explore Watse Mountain Stays","og_description":"Find all Watse travel destinations and choose your ideal holiday. From the mountains of Europe to faraway lands, your next adventure awaits.","og_site_name":"Watse","article_modified_time":"2025-03-24T08:37:22+00:00","og_image":[{"url":"https:\/\/watse.fr\/wp-content\/uploads\/2024\/09\/Tofana-1-1024x386.webp"}],"twitter_card":"summary_large_image","twitter_title":"Holiday Destinations - Choose Your Adventure with Watse","twitter_description":"Discover the most beautiful destinations with Watse. Our holidays take you through exceptional landscapes, in France and abroad.","twitter_image":"https:\/\/watse.fr\/wp-content\/uploads\/2024\/09\/Le-trek-du-Canyon-de-Colca-au-Perou.jpg","twitter_misc":{"Est. reading time":"4 minutes"},"schema":{"@context":"https:\/\/schema.org","@graph":[{"@type":"WebPage","@id":"https:\/\/watse.fr\/en\/our-destinations\/","url":"https:\/\/watse.fr\/en\/our-destinations\/","name":"Our Destinations - Discover Watse Stays","isPartOf":{"@id":"https:\/\/watse.fr\/en\/#website"},"primaryImageOfPage":{"@id":"https:\/\/watse.fr\/en\/our-destinations\/#primaryimage"},"image":{"@id":"https:\/\/watse.fr\/en\/our-destinations\/#primaryimage"},"thumbnailUrl":"https:\/\/watse.fr\/wp-content\/uploads\/2024\/09\/cortina-dampezzo.webp","datePublished":"2024-03-04T09:30:37+00:00","dateModified":"2025-03-24T08:37:22+00:00","description":"Explore Watse's mountain destinations. Discover European and international adventures to suit your every whim.","breadcrumb":{"@id":"https:\/\/watse.fr\/en\/our-destinations\/#breadcrumb"},"inLanguage":"en-US","potentialAction":[{"@type":"ReadAction","target":["https:\/\/watse.fr\/en\/our-destinations\/"]}]},{"@type":"ImageObject","inLanguage":"en-US","@id":"https:\/\/watse.fr\/en\/our-destinations\/#primaryimage","url":"https:\/\/watse.fr\/wp-content\/uploads\/2024\/09\/cortina-dampezzo.webp","contentUrl":"https:\/\/watse.fr\/wp-content\/uploads\/2024\/09\/cortina-dampezzo.webp","width":960,"height":430},{"@type":"BreadcrumbList","@id":"https:\/\/watse.fr\/en\/our-destinations\/#breadcrumb","itemListElement":[{"@type":"ListItem","position":1,"name":"Accueil","item":"https:\/\/watse.fr\/en\/"},{"@type":"ListItem","position":2,"name":"Our destinations"}]},{"@type":"WebSite","@id":"https:\/\/watse.fr\/en\/#website","url":"https:\/\/watse.fr\/en\/","name":"Watse","description":"","potentialAction":[{"@type":"SearchAction","target":{"@type":"EntryPoint","urlTemplate":"https:\/\/watse.fr\/en\/?s={search_term_string}"},"query-input":{"@type":"PropertyValueSpecification","valueRequired":true,"valueName":"search_term_string"}}],"inLanguage":"en-US"}]}},"_links":{"self":[{"href":"https:\/\/watse.fr\/en\/wp-json\/wp\/v2\/pages\/62124"}],"collection":[{"href":"https:\/\/watse.fr\/en\/wp-json\/wp\/v2\/pages"}],"about":[{"href":"https:\/\/watse.fr\/en\/wp-json\/wp\/v2\/types\/page"}],"author":[{"embeddable":true,"href":"https:\/\/watse.fr\/en\/wp-json\/wp\/v2\/users\/1"}],"replies":[{"embeddable":true,"href":"https:\/\/watse.fr\/en\/wp-json\/wp\/v2\/comments?post=62124"}],"version-history":[{"count":10,"href":"https:\/\/watse.fr\/en\/wp-json\/wp\/v2\/pages\/62124\/revisions"}],"predecessor-version":[{"id":63795,"href":"https:\/\/watse.fr\/en\/wp-json\/wp\/v2\/pages\/62124\/revisions\/63795"}],"wp:featuredmedia":[{"embeddable":true,"href":"https:\/\/watse.fr\/en\/wp-json\/wp\/v2\/media\/61929"}],"wp:attachment":[{"href":"https:\/\/watse.fr\/en\/wp-json\/wp\/v2\/media?parent=62124"}],"curies":[{"name":"wp","href":"https:\/\/api.w.org\/{rel}","templated":true}]}}